{"id":84,"date":"2020-12-05T14:53:14","date_gmt":"2020-12-05T13:53:14","guid":{"rendered":"http:\/\/ape.sciencespo-lille.eu\/?page_id=84"},"modified":"2025-12-08T13:38:30","modified_gmt":"2025-12-08T12:38:30","slug":"cycle-master-1","status":"publish","type":"page","link":"https:\/\/ape.sciencespo-lille.eu\/index.php\/cycle-master-1\/","title":{"rendered":"Les cours en cycle master"},"content":{"rendered":"\n<h4 class=\"wp-block-heading\">La maquette<\/h4>\n\n\n\n<div class=\"wp-block-group\"><div class=\"wp-block-group__inner-container is-layout-flow wp-block-group-is-layout-flow\">\n<div class=\"wp-block-columns is-layout-flex wp-container-core-columns-is-layout-9d6595d7 wp-block-columns-is-layout-flex\">\n<div class=\"wp-block-column is-layout-flow wp-block-column-is-layout-flow\" style=\"flex-basis:100%\"><\/div>\n<\/div>\n\n\n<div class=\"wp-block-image\">\n<figure class=\"aligncenter size-full is-resized\"><img loading=\"lazy\" decoding=\"async\" width=\"1574\" height=\"984\" src=\"https:\/\/ape.sciencespo-lille.eu\/wp-content\/uploads\/2025\/12\/Capture-decran-2025-12-08-a-13.36.33.png\" alt=\"\" class=\"wp-image-613\" style=\"width:836px;height:463px\" srcset=\"https:\/\/ape.sciencespo-lille.eu\/wp-content\/uploads\/2025\/12\/Capture-decran-2025-12-08-a-13.36.33.png 1574w, https:\/\/ape.sciencespo-lille.eu\/wp-content\/uploads\/2025\/12\/Capture-decran-2025-12-08-a-13.36.33-300x188.png 300w, https:\/\/ape.sciencespo-lille.eu\/wp-content\/uploads\/2025\/12\/Capture-decran-2025-12-08-a-13.36.33-1024x640.png 1024w, https:\/\/ape.sciencespo-lille.eu\/wp-content\/uploads\/2025\/12\/Capture-decran-2025-12-08-a-13.36.33-768x480.png 768w, https:\/\/ape.sciencespo-lille.eu\/wp-content\/uploads\/2025\/12\/Capture-decran-2025-12-08-a-13.36.33-1536x960.png 1536w\" sizes=\"auto, (max-width: 1574px) 100vw, 1574px\" \/><\/figure><\/div>\n\n<div class=\"wp-block-image\">\n<figure class=\"aligncenter size-full is-resized\"><img loading=\"lazy\" decoding=\"async\" width=\"1574\" height=\"930\" src=\"https:\/\/ape.sciencespo-lille.eu\/wp-content\/uploads\/2025\/12\/Capture-decran-2025-12-08-a-13.36.43.png\" alt=\"\" class=\"wp-image-614\" style=\"width:841px;height:463px\" srcset=\"https:\/\/ape.sciencespo-lille.eu\/wp-content\/uploads\/2025\/12\/Capture-decran-2025-12-08-a-13.36.43.png 1574w, https:\/\/ape.sciencespo-lille.eu\/wp-content\/uploads\/2025\/12\/Capture-decran-2025-12-08-a-13.36.43-300x177.png 300w, https:\/\/ape.sciencespo-lille.eu\/wp-content\/uploads\/2025\/12\/Capture-decran-2025-12-08-a-13.36.43-1024x605.png 1024w, https:\/\/ape.sciencespo-lille.eu\/wp-content\/uploads\/2025\/12\/Capture-decran-2025-12-08-a-13.36.43-768x454.png 768w, https:\/\/ape.sciencespo-lille.eu\/wp-content\/uploads\/2025\/12\/Capture-decran-2025-12-08-a-13.36.43-1536x908.png 1536w\" sizes=\"auto, (max-width: 1574px) 100vw, 1574px\" \/><\/figure><\/div>\n\n<div class=\"wp-block-image\">\n<figure class=\"aligncenter size-full is-resized\"><img loading=\"lazy\" decoding=\"async\" width=\"1574\" height=\"1134\" src=\"https:\/\/ape.sciencespo-lille.eu\/wp-content\/uploads\/2025\/12\/Capture-decran-2025-12-08-a-13.36.56.png\" alt=\"\" class=\"wp-image-615\" style=\"width:843px;height:565px\" srcset=\"https:\/\/ape.sciencespo-lille.eu\/wp-content\/uploads\/2025\/12\/Capture-decran-2025-12-08-a-13.36.56.png 1574w, https:\/\/ape.sciencespo-lille.eu\/wp-content\/uploads\/2025\/12\/Capture-decran-2025-12-08-a-13.36.56-300x216.png 300w, https:\/\/ape.sciencespo-lille.eu\/wp-content\/uploads\/2025\/12\/Capture-decran-2025-12-08-a-13.36.56-1024x738.png 1024w, https:\/\/ape.sciencespo-lille.eu\/wp-content\/uploads\/2025\/12\/Capture-decran-2025-12-08-a-13.36.56-768x553.png 768w, https:\/\/ape.sciencespo-lille.eu\/wp-content\/uploads\/2025\/12\/Capture-decran-2025-12-08-a-13.36.56-1536x1107.png 1536w\" sizes=\"auto, (max-width: 1574px) 100vw, 1574px\" \/><\/figure><\/div>\n\n<div class=\"wp-block-image\">\n<figure class=\"aligncenter size-full is-resized\"><img loading=\"lazy\" decoding=\"async\" width=\"1574\" height=\"222\" src=\"https:\/\/ape.sciencespo-lille.eu\/wp-content\/uploads\/2025\/12\/Capture-decran-2025-12-08-a-13.37.04.png\" alt=\"\" class=\"wp-image-616\" style=\"width:846px;height:131px\" srcset=\"https:\/\/ape.sciencespo-lille.eu\/wp-content\/uploads\/2025\/12\/Capture-decran-2025-12-08-a-13.37.04.png 1574w, https:\/\/ape.sciencespo-lille.eu\/wp-content\/uploads\/2025\/12\/Capture-decran-2025-12-08-a-13.37.04-300x42.png 300w, https:\/\/ape.sciencespo-lille.eu\/wp-content\/uploads\/2025\/12\/Capture-decran-2025-12-08-a-13.37.04-1024x144.png 1024w, https:\/\/ape.sciencespo-lille.eu\/wp-content\/uploads\/2025\/12\/Capture-decran-2025-12-08-a-13.37.04-768x108.png 768w, https:\/\/ape.sciencespo-lille.eu\/wp-content\/uploads\/2025\/12\/Capture-decran-2025-12-08-a-13.37.04-1536x217.png 1536w\" sizes=\"auto, (max-width: 1574px) 100vw, 1574px\" \/><\/figure><\/div><\/div><\/div>\n\n\n\n<div style=\"height:51px\" aria-hidden=\"true\" class=\"wp-block-spacer\"><\/div>\n\n\n\n<p>Formation concr\u00e8te et professionnalisante, la majeure APEu se d\u00e9marque par un grand nombre de cours dispens\u00e9s par des intervenants ext\u00e9rieurs. Cette approche permet aux \u00e9tudiantes et aux \u00e9tudiants de d\u00e9couvrir des m\u00e9tiers propres aux institutions europ\u00e9ennes et les concours de la fonction publique europ\u00e9enne.<\/p>\n","protected":false},"excerpt":{"rendered":"<p>La maquette Formation concr\u00e8te et professionnalisante, la majeure APEu se d\u00e9marque par un grand nombre de cours dispens\u00e9s par des intervenants ext\u00e9rieurs. Cette approche permet aux \u00e9tudiantes et aux \u00e9tudiants de d\u00e9couvrir des m\u00e9tiers propres aux institutions europ\u00e9ennes et les concours de la fonction publique europ\u00e9enne.<\/p>\n","protected":false},"author":1,"featured_media":0,"parent":0,"menu_order":0,"comment_status":"closed","ping_status":"closed","template":"","meta":{"_seopress_robots_primary_cat":"","_seopress_titles_title":"","_seopress_titles_desc":"","_seopress_robots_index":"","ocean_post_layout":"","ocean_both_sidebars_style":"","ocean_both_sidebars_content_width":0,"ocean_both_sidebars_sidebars_width":0,"ocean_sidebar":"0","ocean_second_sidebar":"0","ocean_disable_margins":"enable","ocean_add_body_class":"","ocean_shortcode_before_top_bar":"","ocean_shortcode_after_top_bar":"","ocean_shortcode_before_header":"","ocean_shortcode_after_header":"","ocean_has_shortcode":"","ocean_shortcode_after_title":"","ocean_shortcode_before_footer_widgets":"","ocean_shortcode_after_footer_widgets":"","ocean_shortcode_before_footer_bottom":"","ocean_shortcode_after_footer_bottom":"","ocean_display_top_bar":"default","ocean_display_header":"default","ocean_header_style":"","ocean_center_header_left_menu":"0","ocean_custom_header_template":"0","ocean_custom_logo":0,"ocean_custom_retina_logo":0,"ocean_custom_logo_max_width":0,"ocean_custom_logo_tablet_max_width":0,"ocean_custom_logo_mobile_max_width":0,"ocean_custom_logo_max_height":0,"ocean_custom_logo_tablet_max_height":0,"ocean_custom_logo_mobile_max_height":0,"ocean_header_custom_menu":"0","ocean_menu_typo_font_family":"0","ocean_menu_typo_font_subset":"","ocean_menu_typo_font_size":0,"ocean_menu_typo_font_size_tablet":0,"ocean_menu_typo_font_size_mobile":0,"ocean_menu_typo_font_size_unit":"px","ocean_menu_typo_font_weight":"","ocean_menu_typo_font_weight_tablet":"","ocean_menu_typo_font_weight_mobile":"","ocean_menu_typo_transform":"","ocean_menu_typo_transform_tablet":"","ocean_menu_typo_transform_mobile":"","ocean_menu_typo_line_height":0,"ocean_menu_typo_line_height_tablet":0,"ocean_menu_typo_line_height_mobile":0,"ocean_menu_typo_line_height_unit":"","ocean_menu_typo_spacing":0,"ocean_menu_typo_spacing_tablet":0,"ocean_menu_typo_spacing_mobile":0,"ocean_menu_typo_spacing_unit":"","ocean_menu_link_color":"","ocean_menu_link_color_hover":"","ocean_menu_link_color_active":"","ocean_menu_link_background":"","ocean_menu_link_hover_background":"","ocean_menu_link_active_background":"","ocean_menu_social_links_bg":"","ocean_menu_social_hover_links_bg":"","ocean_menu_social_links_color":"","ocean_menu_social_hover_links_color":"","ocean_disable_title":"default","ocean_disable_heading":"default","ocean_post_title":"","ocean_post_subheading":"","ocean_post_title_style":"","ocean_post_title_background_color":"","ocean_post_title_background":0,"ocean_post_title_bg_image_position":"","ocean_post_title_bg_image_attachment":"","ocean_post_title_bg_image_repeat":"","ocean_post_title_bg_image_size":"","ocean_post_title_height":0,"ocean_post_title_bg_overlay":0.5,"ocean_post_title_bg_overlay_color":"","ocean_disable_breadcrumbs":"default","ocean_breadcrumbs_color":"","ocean_breadcrumbs_separator_color":"","ocean_breadcrumbs_links_color":"","ocean_breadcrumbs_links_hover_color":"","ocean_display_footer_widgets":"default","ocean_display_footer_bottom":"default","ocean_custom_footer_template":"0","footnotes":""},"class_list":["post-84","page","type-page","status-publish","hentry","entry"],"_links":{"self":[{"href":"https:\/\/ape.sciencespo-lille.eu\/index.php\/wp-json\/wp\/v2\/pages\/84","targetHints":{"allow":["GET"]}}],"collection":[{"href":"https:\/\/ape.sciencespo-lille.eu\/index.php\/wp-json\/wp\/v2\/pages"}],"about":[{"href":"https:\/\/ape.sciencespo-lille.eu\/index.php\/wp-json\/wp\/v2\/types\/page"}],"author":[{"embeddable":true,"href":"https:\/\/ape.sciencespo-lille.eu\/index.php\/wp-json\/wp\/v2\/users\/1"}],"replies":[{"embeddable":true,"href":"https:\/\/ape.sciencespo-lille.eu\/index.php\/wp-json\/wp\/v2\/comments?post=84"}],"version-history":[{"count":22,"href":"https:\/\/ape.sciencespo-lille.eu\/index.php\/wp-json\/wp\/v2\/pages\/84\/revisions"}],"predecessor-version":[{"id":617,"href":"https:\/\/ape.sciencespo-lille.eu\/index.php\/wp-json\/wp\/v2\/pages\/84\/revisions\/617"}],"wp:attachment":[{"href":"https:\/\/ape.sciencespo-lille.eu\/index.php\/wp-json\/wp\/v2\/media?parent=84"}],"curies":[{"name":"wp","href":"https:\/\/api.w.org\/{rel}","templated":true}]}}