{"id":86,"date":"2020-12-05T14:53:14","date_gmt":"2020-12-05T13:53:14","guid":{"rendered":"http:\/\/ape.sciencespo-lille.eu\/?page_id=86"},"modified":"2023-12-04T12:48:00","modified_gmt":"2023-12-04T11:48:00","slug":"memoire-de-recherche-rapport-dexpertise-et-bachelorarbeit","status":"publish","type":"page","link":"https:\/\/ape.sciencespo-lille.eu\/index.php\/memoire-de-recherche-rapport-dexpertise-et-bachelorarbeit\/","title":{"rendered":"M\u00e9moire de recherche, rapport d&rsquo;expertise et Bachelorarbeit (M1)"},"content":{"rendered":"\n<p>La 4<sup>\u00e8me<\/sup>&nbsp;ann\u00e9e de la majeure APEu est notamment marqu\u00e9e par la r\u00e9daction d\u2019un m\u00e9moire de recherche, un rapport d\u2019expertise ou une&nbsp;<em>Bachelorarbeit&nbsp;<\/em>(pour les \u00e9tudiantes et les \u00e9tudiants en FIFA).<\/p>\n\n\n\n<p>Voici une liste non exhaustive de m\u00e9moires de recherche, de rapports d\u2019expertise et de <em>Bachelorarbeiten<\/em> dont les th\u00e9matiques donnent \u00e0 voir la diversit\u00e9 des sujets pouvant \u00eatre abord\u00e9s au sein de la majeure APEu.<\/p>\n\n\n\n<h3 class=\"wp-block-heading\"><strong>M\u00e9moires de recherche<\/strong><\/h3>\n\n\n\n<ul class=\"wp-block-list\"><li>CORNU Lorie, <em>Automobile et climat. L&rsquo;avenir de l&rsquo;Europe sera-t-il tout \u00e9lectrique ?<\/em> (2023)<\/li><li>BENOUALI Elias, <em>La question de l&rsquo;ind\u00e9pendance \u00e9cossaise \u00e0 l&rsquo;heure du Brexit<\/em> (2020)<\/li><li>BERNARD Clarysse, <em>L&rsquo;\u00e9volution de la politique d&rsquo;\u00e9largissement de l&rsquo;Union europ\u00e9enne illustr\u00e9e \u00e0 travers le cas des Balkans occidentaux Etude de la proc\u00e9dure d&rsquo;adh\u00e9sion, de l&rsquo;objet de la politique d&rsquo;\u00e9largissement et de sa r\u00e9forme<\/em> (2020)<\/li><li>BONNE Cl\u00e9ment, <em>Le dialogue social europ\u00e9en et la plateformisation de l&rsquo;\u00e9conomie : quelles protections pour les microtravailleurs d&rsquo;internet ? <\/em>(2020)<\/li><li>BOONE Jos\u00e9phine, <em>L&rsquo;image de la Russie dans la presse \u00e9crite fran\u00e7aise : \u00e9tude comparative (Le Monde, Le Figaro, Lib\u00e9ration) de 2014 \u00e0 2019 <\/em>(2020)<\/li><li>DEFFENAIN Lucie, <em>Evolution des discours de Viktor Orban de 2010 \u00e0 2019 &#8211; L&rsquo;usage discursif de l&rsquo;Union europ\u00e9nne : du fa\u00e7onnement d&rsquo;une politique nationale \u00e0 la conqu\u00eate id\u00e9ologique de l&rsquo;Union europ\u00e9enne <\/em>(2002)<\/li><li>DEGACHE Marion, <em>La directive (UE) 2019\/904, sur l&rsquo;interdiction des plastiques \u00e0 usage unique : un tournant pour l&rsquo;Union europ\u00e9enne ? <\/em>(2020)<\/li><li>ESSELMI Mourad, <em>L&rsquo;Union europ\u00e9enne en Tunisie &#8211; Cr\u00e9er, promouvoir et diffuser les valeurs d\u00e9mocratiques et les droits humains <\/em>(2020)<\/li><li>FLOCH S\u00e9verine,<em> La m\u00e9diatisation de la crise catalane en France &#8211; \u00c9tude de la presse fran\u00e7aise<\/em> (2020)<\/li><li>GAERTNER Marie-Jeanne, <em>Religion, spiritualit\u00e9 et \u00e9cologisme<\/em> (2020)<\/li><li>GILLES Quentin, <em>L&rsquo;influence de la NBA sur la ligue chinoise de basket <\/em>(2020)<\/li><li>KAMINSKI C\u00e9liandre, <em>F\u00e9minismes du monde arabe et musulman et f\u00e9minismes musulmans en Europe de l&rsquo;ouest : les luttes des femmes face \u00e0 l&rsquo;imbrication complexe de deux syst\u00e8mes d&rsquo;oppression<\/em> (2020)<\/li><li>LETHEURE Gauthier, <em>La politique europ\u00e9enne de l&rsquo;environnement comme vecteur d&rsquo;int\u00e9gration communautaire &#8211; Une r\u00e9\u00e9valuation de l&rsquo;analyse n\u00e9ofonctionnaliste du processus europ\u00e9en d&rsquo;int\u00e9gration sous le prisme de l&rsquo;urgence \u00e9cologique<\/em> (2020)<\/li><li>LIVERTOUT Isabella, <em>L&rsquo;identit\u00e9 culturelle europ\u00e9enne \u00e0 la lumi\u00e8re du miroir turc. Un retour possible des r\u00e9flexions f\u00e9d\u00e9ralistes ?<\/em> (2020)<\/li><li>ROBINE Camille, <em>La brigade franco-allemande : entre apprentissage mutuel et particularit\u00e9 binationale<\/em> (2020)<\/li><li>TORBEY Freddy, <em>European Union structural power through the lens of geographical indications in international trade and intellectual property <\/em>(2020)<\/li><li>VILLARD Fran\u00e7ois, <em>Competition or cooperation in the eastern neighbourhood ? Representations, interactions, and the future of the EUEAEU relationship in Russian and Western academic realms<\/em> (2020)<\/li><li>VUILLEMOT Justine, <em>La solidarit\u00e9 europ\u00e9enne \u00e0 l&rsquo;\u00e9preuve de la crise migratoire &#8211; Le principe de solidarit\u00e9 au c\u0153ur de la politique d&rsquo;immigration et d&rsquo;asile de l&rsquo;Union europ\u00e9enne<\/em> (2020)<\/li><\/ul>\n\n\n\n<h3 class=\"wp-block-heading\"><strong>Rapports d\u2019expertise<\/strong><\/h3>\n\n\n\n<ul class=\"wp-block-list\"><li>PUGIN Simon, <em>Vers une nouvelle forme de gouvernance foresti\u00e8re au niveau europ\u00e9en face au d\u00e9fi climatique<\/em> (2022)<\/li><li>PRADELS Justine, <em>Etude de la politique \u00e9nerg\u00e9tique renouvelable de l&rsquo;Union europ\u00e9enne : le cas de l&rsquo;\u00e9nergie \u00e9olienne en France et en Lettonie <\/em>(2020)<\/li><li>REAL Hugo, <em>L&rsquo;influence des lobbies dans la gestion du plastique en Europe<\/em> (2020)<\/li><li>VERTONGEN Frederik, <em>The Huawei question on 5G cybersecurity &#8211; the European Commission and its member states torn between the United States and China<\/em> (2020)<\/li><\/ul>\n\n\n\n<h3 class=\"wp-block-heading\"><strong><em>Bachelorarbeiten<\/em><\/strong><\/h3>\n\n\n\n<ul class=\"wp-block-list\"><li>BOCKMEYER Paul, <em>Europ\u00e4ische Champions. \u00dcber die Schwierigkeit einer deutsch-franz\u00f6sischen &#8211; Zusammenarbeit im Bereich der Industriepolitik <\/em>(2020)<\/li><li>BUEHLER Leonie, <em>Im Dienste der Interessen des Agribusiness? Eine Soziologie der Mitglieder des AGRI-Ausschusses des Europ\u00e4ischen Parlaments<\/em> (2020)<\/li><li>GRUENING Franziska, <em>Voraussetzungen erfolgreicher Normdiffusion aus Sicht der Europ\u00e4ischen Union &#8211; Die Effektivit\u00e4t der Europ\u00e4ischen Nachbar &#8211; Schaftspolitik (ENP) am Beispiel der Ukraine<\/em> (2020)<\/li><li>JUETTING Jonas,<em> Europ\u00e4ische Preise als effektives Instrument der EU Soft Governance? Eine Analyse anhand des European Green Capital Awards<\/em> (2020)<\/li><li>KERSCHER Luca, <em>Vom Vorsorge- zum Innovationsprinzip? Framing als Strategie von Interessengruppen in der Europ\u00e4ischen Union<\/em> (2020)<\/li><li>LANDMANN Jos\u00e9phine, <em>Die Europawahlen vom 23. bis 26. Mai 2019: immer noch eine Nebenwahl? Eine quantitative Analyse des europ\u00e4ischen Wahlgangs in den 27 Mitgliedsl\u00e4ndern.<\/em> (2020)<\/li><li>LE BLANC Ali\u00e9nor, <em>Frustration und Misstrauen? Entstehung und Relevanz von individuellem Denken aus der Perspektive zeitgen\u00f6ssischer sozialer Bewegungen<\/em>. (2020)<\/li><li>ZILLEKENS Nico, <em>Lobbyismus in der Europ\u00e4ischen Union: Interessensvertretung der Chemieindustrie im Mehrebenensystem europ\u00e4ischer Politik am Fallbeispiel der EU-Chemikalienverordnung REACH<\/em> (2020)<\/li><\/ul>\n\n\n\n<p>Vous pouvez \u00e9galement&nbsp;<a href=\"http:\/\/www.sciencespo-lille.eu\/bibliotheque\/documents-bibiliotheque\" data-type=\"URL\" target=\"_blank\" rel=\"noreferrer noopener\"><strong>consulter les archives<\/strong><\/a>&nbsp;des m\u00e9moires de recherche, rapports d\u2019expertise et&nbsp;<em>Bachelorarbeiten&nbsp;<\/em>des ann\u00e9es pr\u00e9c\u00e9dentes.<\/p>\n","protected":false},"excerpt":{"rendered":"<p>La 4\u00e8me&nbsp;ann\u00e9e de la majeure APEu est notamment marqu\u00e9e par la r\u00e9daction d\u2019un m\u00e9moire de recherche, un rapport d\u2019expertise ou une&nbsp;Bachelorarbeit&nbsp;(pour les \u00e9tudiantes et les \u00e9tudiants en FIFA). Voici une liste non exhaustive de m\u00e9moires de recherche, de rapports d\u2019expertise et de Bachelorarbeiten dont les th\u00e9matiques donnent \u00e0 voir la diversit\u00e9 des sujets pouvant \u00eatre [&hellip;]<\/p>\n","protected":false},"author":1,"featured_media":0,"parent":0,"menu_order":0,"comment_status":"closed","ping_status":"closed","template":"","meta":{"_seopress_robots_primary_cat":"","_seopress_titles_title":"","_seopress_titles_desc":"","_seopress_robots_index":"","ocean_post_layout":"","ocean_both_sidebars_style":"","ocean_both_sidebars_content_width":0,"ocean_both_sidebars_sidebars_width":0,"ocean_sidebar":"0","ocean_second_sidebar":"0","ocean_disable_margins":"enable","ocean_add_body_class":"","ocean_shortcode_before_top_bar":"","ocean_shortcode_after_top_bar":"","ocean_shortcode_before_header":"","ocean_shortcode_after_header":"","ocean_has_shortcode":"","ocean_shortcode_after_title":"","ocean_shortcode_before_footer_widgets":"","ocean_shortcode_after_footer_widgets":"","ocean_shortcode_before_footer_bottom":"","ocean_shortcode_after_footer_bottom":"","ocean_display_top_bar":"default","ocean_display_header":"default","ocean_header_style":"","ocean_center_header_left_menu":"0","ocean_custom_header_template":"0","ocean_custom_logo":0,"ocean_custom_retina_logo":0,"ocean_custom_logo_max_width":0,"ocean_custom_logo_tablet_max_width":0,"ocean_custom_logo_mobile_max_width":0,"ocean_custom_logo_max_height":0,"ocean_custom_logo_tablet_max_height":0,"ocean_custom_logo_mobile_max_height":0,"ocean_header_custom_menu":"0","ocean_menu_typo_font_family":"0","ocean_menu_typo_font_subset":"","ocean_menu_typo_font_size":0,"ocean_menu_typo_font_size_tablet":0,"ocean_menu_typo_font_size_mobile":0,"ocean_menu_typo_font_size_unit":"px","ocean_menu_typo_font_weight":"","ocean_menu_typo_font_weight_tablet":"","ocean_menu_typo_font_weight_mobile":"","ocean_menu_typo_transform":"","ocean_menu_typo_transform_tablet":"","ocean_menu_typo_transform_mobile":"","ocean_menu_typo_line_height":0,"ocean_menu_typo_line_height_tablet":0,"ocean_menu_typo_line_height_mobile":0,"ocean_menu_typo_line_height_unit":"","ocean_menu_typo_spacing":0,"ocean_menu_typo_spacing_tablet":0,"ocean_menu_typo_spacing_mobile":0,"ocean_menu_typo_spacing_unit":"","ocean_menu_link_color":"","ocean_menu_link_color_hover":"","ocean_menu_link_color_active":"","ocean_menu_link_background":"","ocean_menu_link_hover_background":"","ocean_menu_link_active_background":"","ocean_menu_social_links_bg":"","ocean_menu_social_hover_links_bg":"","ocean_menu_social_links_color":"","ocean_menu_social_hover_links_color":"","ocean_disable_title":"default","ocean_disable_heading":"default","ocean_post_title":"","ocean_post_subheading":"","ocean_post_title_style":"","ocean_post_title_background_color":"","ocean_post_title_background":0,"ocean_post_title_bg_image_position":"","ocean_post_title_bg_image_attachment":"","ocean_post_title_bg_image_repeat":"","ocean_post_title_bg_image_size":"","ocean_post_title_height":0,"ocean_post_title_bg_overlay":0.5,"ocean_post_title_bg_overlay_color":"","ocean_disable_breadcrumbs":"default","ocean_breadcrumbs_color":"","ocean_breadcrumbs_separator_color":"","ocean_breadcrumbs_links_color":"","ocean_breadcrumbs_links_hover_color":"","ocean_display_footer_widgets":"default","ocean_display_footer_bottom":"default","ocean_custom_footer_template":"0","footnotes":""},"class_list":["post-86","page","type-page","status-publish","hentry","entry"],"_links":{"self":[{"href":"https:\/\/ape.sciencespo-lille.eu\/index.php\/wp-json\/wp\/v2\/pages\/86","targetHints":{"allow":["GET"]}}],"collection":[{"href":"https:\/\/ape.sciencespo-lille.eu\/index.php\/wp-json\/wp\/v2\/pages"}],"about":[{"href":"https:\/\/ape.sciencespo-lille.eu\/index.php\/wp-json\/wp\/v2\/types\/page"}],"author":[{"embeddable":true,"href":"https:\/\/ape.sciencespo-lille.eu\/index.php\/wp-json\/wp\/v2\/users\/1"}],"replies":[{"embeddable":true,"href":"https:\/\/ape.sciencespo-lille.eu\/index.php\/wp-json\/wp\/v2\/comments?post=86"}],"version-history":[{"count":18,"href":"https:\/\/ape.sciencespo-lille.eu\/index.php\/wp-json\/wp\/v2\/pages\/86\/revisions"}],"predecessor-version":[{"id":564,"href":"https:\/\/ape.sciencespo-lille.eu\/index.php\/wp-json\/wp\/v2\/pages\/86\/revisions\/564"}],"wp:attachment":[{"href":"https:\/\/ape.sciencespo-lille.eu\/index.php\/wp-json\/wp\/v2\/media?parent=86"}],"curies":[{"name":"wp","href":"https:\/\/api.w.org\/{rel}","templated":true}]}}