{"id":89,"date":"2020-12-05T14:53:14","date_gmt":"2020-12-05T13:53:14","guid":{"rendered":"http:\/\/ape.sciencespo-lille.eu\/?page_id=89"},"modified":"2023-12-05T20:20:15","modified_gmt":"2023-12-05T19:20:15","slug":"les-stages-et-linsertion-professionnelle","status":"publish","type":"page","link":"https:\/\/ape.sciencespo-lille.eu\/index.php\/les-stages-et-linsertion-professionnelle\/","title":{"rendered":"Les stages et l&rsquo;insertion professionnelle (M2)"},"content":{"rendered":"\n<p>Dans le cadre de la majeure Affaires Publiques en Europe, un&nbsp;<strong>stage de fin d\u2019\u00e9tudes d\u2019une dur\u00e9e de 6 mois<\/strong>&nbsp;doit \u00eatre effectu\u00e9 par les \u00e9tudiantes et les \u00e9tudiants, au&nbsp;<strong>semestre 4<\/strong>, en France ou \u00e0 l\u2019\u00e9tranger.<\/p>\n\n\n\n<p>Ce&nbsp;<strong>stage obligatoire<\/strong>&nbsp;fait partie int\u00e9grante de la validation du Cycle Master 2 et repr\u00e9sente&nbsp;<strong>30 cr\u00e9dits<\/strong>&nbsp;<strong>ECTS<\/strong>. Il peut d\u00e9buter d\u00e8s le mois de janvier et s\u2019achever le 30 septembre de l\u2019ann\u00e9e en cours au plus tard, dans la limite d\u2019une dur\u00e9e de&nbsp;<strong>6 mois maximum<\/strong>.<\/p>\n\n\n\n<p>Le stage fait l\u2019objet d\u2019une \u00e9valuation par la structure d\u2019accueil et d\u2019un rapport de stage, voire d\u2019une soutenance \u00e9ventuelle \u00e0 Sciences Po Lille.<\/p>\n\n\n\n<div style=\"height:27px\" aria-hidden=\"true\" class=\"wp-block-spacer\"><\/div>\n\n\n\n<h2 class=\"wp-block-heading\">Exemples de stages r\u00e9alis\u00e9s par des \u00e9tudiant.e.s APEu :<\/h2>\n\n\n\n<ul class=\"wp-block-list\"><li>Conseiller aux Affaires europ\u00e9ennes de JPB Syst\u00e8me et de Keyprod<\/li><\/ul>\n\n\n\n<p>Mission g\u00e9n\u00e9rale: \u00ab\u00a0Permettre \u00e0 JPB Syst\u00e8me et \u00e0 Keyprod de b\u00e9n\u00e9ficier de fa\u00e7on optimale des opportunit\u00e9s europ\u00e9ennes, au sein des associations, partenariats et comit\u00e9s publics et priv\u00e9s europ\u00e9ens et aupr\u00e8s des acteurs politiques et administratifs de l\u2019UE\u00a0\u00bb<\/p>\n\n\n\n<ul class=\"wp-block-list\"><li>EU Public Affairs Intern -Energy and Mobility Team<\/li><\/ul>\n\n\n\n<p>Exemples de missions: \u00ab\u00a0Assist the work of key accounts of clients in the Energy &amp; Mobility sector; Follow key policy debates within European Institutions and report to clients; Prepare regular news reports and political analysis; Research on various issues and write short reports; Attend conferences, seminar, hearings\u00a0\u00bb<\/p>\n\n\n\n<ul class=\"wp-block-list\"><li>Trainee in the Cabinet of the President of the European Council<\/li><li>Charg\u00e9e de mission &#8211; ANSSI (Agence nationale de la s\u00e9curit\u00e9 des syst\u00e8mes d&rsquo;information)<\/li><\/ul>\n\n\n\n<div style=\"height:66px\" aria-hidden=\"true\" class=\"wp-block-spacer\"><\/div>\n\n\n\n<p>Les \u00e9tudiantes et les \u00e9tudiants de Sciences Po Lille peuvent consulter <strong>l&rsquo;historique des stages<\/strong> via la plateforme des Alumni : <\/p>\n\n\n\n<div class=\"wp-block-buttons is-content-justification-center is-layout-flex wp-container-core-buttons-is-layout-16018d1d wp-block-buttons-is-layout-flex\">\n<div class=\"wp-block-button is-style-fill\"><a class=\"wp-block-button__link has-white-color has-text-color has-background\" href=\"https:\/\/alumni.sciencespo-lille.eu\/page\/historique-des-stages\" style=\"background-color:#845769\" target=\"_blank\" rel=\"noreferrer noopener\">Historique des stages<\/a><\/div>\n<\/div>\n\n\n\n<div style=\"height:30px\" aria-hidden=\"true\" class=\"wp-block-spacer\"><\/div>\n\n\n\n<p>Retrouvez \u00e9galement la <strong>liste des offres de stage et d&#8217;emploi<\/strong> :<\/p>\n\n\n\n<div class=\"wp-block-buttons is-content-justification-center is-layout-flex wp-container-core-buttons-is-layout-16018d1d wp-block-buttons-is-layout-flex\">\n<div class=\"wp-block-button\"><a class=\"wp-block-button__link has-white-color has-text-color has-background\" href=\"https:\/\/alumni.sciencespo-lille.eu\/jobboard?page=1\" style=\"background-color:#845769\" target=\"_blank\" rel=\"noreferrer noopener\">Offres de stage et d&#8217;emploi<\/a><\/div>\n<\/div>\n\n\n\n<div style=\"height:30px\" aria-hidden=\"true\" class=\"wp-block-spacer\"><\/div>\n\n\n\n<p>Pour plus d&rsquo;informations sur les stages \u00e0 Sciences Po Lille et l&rsquo;insertion professionnelle, consultez le <strong>Guide des stages<\/strong> de la plateforme des Alumni :<\/p>\n\n\n\n<div class=\"wp-block-buttons is-content-justification-center is-layout-flex wp-container-core-buttons-is-layout-16018d1d wp-block-buttons-is-layout-flex\">\n<div class=\"wp-block-button\"><a class=\"wp-block-button__link has-white-color has-text-color has-background\" href=\"https:\/\/alumni.sciencespo-lille.eu\/page\/guide-des-stages-1\" style=\"background-color:#845769\" target=\"_blank\" rel=\"noreferrer noopener\">Guide des stages<\/a><\/div>\n<\/div>\n\n\n\n<p><\/p>\n","protected":false},"excerpt":{"rendered":"<p>Dans le cadre de la majeure Affaires Publiques en Europe, un&nbsp;stage de fin d\u2019\u00e9tudes d\u2019une dur\u00e9e de 6 mois&nbsp;doit \u00eatre effectu\u00e9 par les \u00e9tudiantes et les \u00e9tudiants, au&nbsp;semestre 4, en France ou \u00e0 l\u2019\u00e9tranger. Ce&nbsp;stage obligatoire&nbsp;fait partie int\u00e9grante de la validation du Cycle Master 2 et repr\u00e9sente&nbsp;30 cr\u00e9dits&nbsp;ECTS. Il peut d\u00e9buter d\u00e8s le mois de [&hellip;]<\/p>\n","protected":false},"author":1,"featured_media":0,"parent":0,"menu_order":0,"comment_status":"closed","ping_status":"closed","template":"","meta":{"_seopress_robots_primary_cat":"","_seopress_titles_title":"","_seopress_titles_desc":"","_seopress_robots_index":"","ocean_post_layout":"","ocean_both_sidebars_style":"","ocean_both_sidebars_content_width":0,"ocean_both_sidebars_sidebars_width":0,"ocean_sidebar":"0","ocean_second_sidebar":"0","ocean_disable_margins":"enable","ocean_add_body_class":"","ocean_shortcode_before_top_bar":"","ocean_shortcode_after_top_bar":"","ocean_shortcode_before_header":"","ocean_shortcode_after_header":"","ocean_has_shortcode":"","ocean_shortcode_after_title":"","ocean_shortcode_before_footer_widgets":"","ocean_shortcode_after_footer_widgets":"","ocean_shortcode_before_footer_bottom":"","ocean_shortcode_after_footer_bottom":"","ocean_display_top_bar":"default","ocean_display_header":"default","ocean_header_style":"","ocean_center_header_left_menu":"0","ocean_custom_header_template":"0","ocean_custom_logo":0,"ocean_custom_retina_logo":0,"ocean_custom_logo_max_width":0,"ocean_custom_logo_tablet_max_width":0,"ocean_custom_logo_mobile_max_width":0,"ocean_custom_logo_max_height":0,"ocean_custom_logo_tablet_max_height":0,"ocean_custom_logo_mobile_max_height":0,"ocean_header_custom_menu":"0","ocean_menu_typo_font_family":"0","ocean_menu_typo_font_subset":"","ocean_menu_typo_font_size":0,"ocean_menu_typo_font_size_tablet":0,"ocean_menu_typo_font_size_mobile":0,"ocean_menu_typo_font_size_unit":"px","ocean_menu_typo_font_weight":"","ocean_menu_typo_font_weight_tablet":"","ocean_menu_typo_font_weight_mobile":"","ocean_menu_typo_transform":"","ocean_menu_typo_transform_tablet":"","ocean_menu_typo_transform_mobile":"","ocean_menu_typo_line_height":0,"ocean_menu_typo_line_height_tablet":0,"ocean_menu_typo_line_height_mobile":0,"ocean_menu_typo_line_height_unit":"","ocean_menu_typo_spacing":0,"ocean_menu_typo_spacing_tablet":0,"ocean_menu_typo_spacing_mobile":0,"ocean_menu_typo_spacing_unit":"","ocean_menu_link_color":"","ocean_menu_link_color_hover":"","ocean_menu_link_color_active":"","ocean_menu_link_background":"","ocean_menu_link_hover_background":"","ocean_menu_link_active_background":"","ocean_menu_social_links_bg":"","ocean_menu_social_hover_links_bg":"","ocean_menu_social_links_color":"","ocean_menu_social_hover_links_color":"","ocean_disable_title":"default","ocean_disable_heading":"default","ocean_post_title":"","ocean_post_subheading":"","ocean_post_title_style":"","ocean_post_title_background_color":"","ocean_post_title_background":0,"ocean_post_title_bg_image_position":"","ocean_post_title_bg_image_attachment":"","ocean_post_title_bg_image_repeat":"","ocean_post_title_bg_image_size":"","ocean_post_title_height":0,"ocean_post_title_bg_overlay":0.5,"ocean_post_title_bg_overlay_color":"","ocean_disable_breadcrumbs":"default","ocean_breadcrumbs_color":"","ocean_breadcrumbs_separator_color":"","ocean_breadcrumbs_links_color":"","ocean_breadcrumbs_links_hover_color":"","ocean_display_footer_widgets":"default","ocean_display_footer_bottom":"default","ocean_custom_footer_template":"0","footnotes":""},"class_list":["post-89","page","type-page","status-publish","hentry","entry"],"_links":{"self":[{"href":"https:\/\/ape.sciencespo-lille.eu\/index.php\/wp-json\/wp\/v2\/pages\/89","targetHints":{"allow":["GET"]}}],"collection":[{"href":"https:\/\/ape.sciencespo-lille.eu\/index.php\/wp-json\/wp\/v2\/pages"}],"about":[{"href":"https:\/\/ape.sciencespo-lille.eu\/index.php\/wp-json\/wp\/v2\/types\/page"}],"author":[{"embeddable":true,"href":"https:\/\/ape.sciencespo-lille.eu\/index.php\/wp-json\/wp\/v2\/users\/1"}],"replies":[{"embeddable":true,"href":"https:\/\/ape.sciencespo-lille.eu\/index.php\/wp-json\/wp\/v2\/comments?post=89"}],"version-history":[{"count":10,"href":"https:\/\/ape.sciencespo-lille.eu\/index.php\/wp-json\/wp\/v2\/pages\/89\/revisions"}],"predecessor-version":[{"id":566,"href":"https:\/\/ape.sciencespo-lille.eu\/index.php\/wp-json\/wp\/v2\/pages\/89\/revisions\/566"}],"wp:attachment":[{"href":"https:\/\/ape.sciencespo-lille.eu\/index.php\/wp-json\/wp\/v2\/media?parent=89"}],"curies":[{"name":"wp","href":"https:\/\/api.w.org\/{rel}","templated":true}]}}