{"id":92,"date":"2020-12-05T14:53:14","date_gmt":"2020-12-05T13:53:14","guid":{"rendered":"http:\/\/ape.sciencespo-lille.eu\/?page_id=92"},"modified":"2022-02-25T22:45:57","modified_gmt":"2022-02-25T21:45:57","slug":"temoignages-detudiants-et-detudiantes-de-la-majeure-apeu","status":"publish","type":"page","link":"https:\/\/ape.sciencespo-lille.eu\/index.php\/temoignages-detudiants-et-detudiantes-de-la-majeure-apeu\/","title":{"rendered":"T\u00e9moignages d&rsquo;\u00e9tudiantes et d&rsquo;\u00e9tudiants de la majeure APEu"},"content":{"rendered":"\n<div class=\"wp-block-image\"><figure class=\"aligncenter size-large is-resized\"><img loading=\"lazy\" decoding=\"async\" src=\"http:\/\/ape.sciencespo-lille.eu\/wp-content\/uploads\/2020\/12\/Temoignage-2-APE.png\" alt=\"\" class=\"wp-image-250\" width=\"150\" height=\"150\" srcset=\"https:\/\/ape.sciencespo-lille.eu\/wp-content\/uploads\/2020\/12\/Temoignage-2-APE.png 500w, https:\/\/ape.sciencespo-lille.eu\/wp-content\/uploads\/2020\/12\/Temoignage-2-APE-300x300.png 300w, https:\/\/ape.sciencespo-lille.eu\/wp-content\/uploads\/2020\/12\/Temoignage-2-APE-150x150.png 150w\" sizes=\"auto, (max-width: 150px) 100vw, 150px\" \/><\/figure><\/div>\n\n\n\n<figure class=\"wp-block-embed is-type-rich is-provider-prise-en-charge-des-contenus-embarques wp-block-embed-prise-en-charge-des-contenus-embarques wp-embed-aspect-16-9 wp-has-aspect-ratio\"><div class=\"wp-block-embed__wrapper\">\n<p class=\"responsive-video-wrap clr\"><iframe loading=\"lazy\" title=\"Majeure Affaires Publiques en Europe\" width=\"1200\" height=\"675\" src=\"https:\/\/www.youtube.com\/embed\/fzkXwIUi1L4?feature=oembed\" frameborder=\"0\" allow=\"accelerometer; autoplay; clipboard-write; encrypted-media; gyroscope; picture-in-picture\" allowfullscreen><\/iframe><\/p>\n<\/div><\/figure>\n\n\n\n<div style=\"height:30px\" aria-hidden=\"true\" class=\"wp-block-spacer\"><\/div>\n\n\n\n<hr class=\"wp-block-separator has-text-color has-background is-style-wide\" style=\"background-color:#e6e6e6;color:#e6e6e6\"\/>\n\n\n\n<p style=\"font-size:18px\"><strong>Hugo Real<\/strong>, \u00e9tudiant de la promotion 2021 (Nina Simone)<\/p>\n\n\n\n<blockquote class=\"wp-block-quote is-layout-flow wp-block-quote-is-layout-flow\"><p>\u00ab\u00a0J&rsquo;ai choisi cette majeure pour me <span style=\"color:#845769\" class=\"has-inline-color\">sp\u00e9cialiser au niveau europ\u00e9en<\/span>. A la fin de ma licence de science politique \u00e0 l&rsquo;Universit\u00e9 de Lille, je voulais <span style=\"color:#845769\" class=\"has-inline-color\">devenir lobbyiste \u00e0 Bruxelles<\/span>. J&rsquo;ai pass\u00e9 le concours pour entrer \u00e0 Sciences Po Lille en 4A. Le master APE avait beaucoup de mati\u00e8res professionnalisantes comme la repr\u00e9sentation des int\u00e9r\u00eats dans l&rsquo;Union europ\u00e9enne ou la politique de protection des consommateurs. Et je ne regrette pas ce choix.\u00a0\u00bb<\/p><\/blockquote>\n\n\n\n<blockquote class=\"wp-block-quote is-layout-flow wp-block-quote-is-layout-flow\"><p>\u00ab\u00a0Ce qui me plait le plus en APE, ce sont les <span style=\"color:#845769\" class=\"has-inline-color\">intervenants qui viennent de Bruxelles ou de Paris<\/span>, qui partagent ce qu&rsquo;ils vivent au quotidien. Nous sommes directement plong\u00e9s dans le monde professionnel et c&rsquo;est hyper formateur.\u00a0\u00bb<\/p><\/blockquote>\n\n\n\n<blockquote class=\"wp-block-quote is-layout-flow wp-block-quote-is-layout-flow\"><p>\u00ab\u00a0La formation m&rsquo;a pas mal apport\u00e9 notamment sur la pratique des affaires publiques et l&rsquo;influence qu&rsquo;ont les groupes d&rsquo;int\u00e9r\u00eat sur les <span style=\"color:#845769\" class=\"has-inline-color\">politiques publiques nationales et europ\u00e9ennes<\/span>.\u00a0\u00bb<\/p><\/blockquote>\n\n\n\n<hr class=\"wp-block-separator has-text-color has-background is-style-wide\" style=\"background-color:#e6e6e6;color:#e6e6e6\"\/>\n\n\n\n<div style=\"height:30px\" aria-hidden=\"true\" class=\"wp-block-spacer\"><\/div>\n\n\n\n<p style=\"font-size:18px\"><strong>Sol\u00e8ne Common, <\/strong>\u00e9tudiante en fili\u00e8re g\u00e9n\u00e9rale, promotion 2022 (Alan Turing)  <\/p>\n\n\n\n<blockquote class=\"wp-block-quote is-layout-flow wp-block-quote-is-layout-flow\"><p>\u00ab\u00a0Apr\u00e8s l&rsquo;obtention d&rsquo;une licence en droit puis d&rsquo;un master 1 en droit europ\u00e9en au sein de l&rsquo;universit\u00e9 Paris II Panth\u00e9on-Assas, le master APE repr\u00e9sentait le compl\u00e9ment id\u00e9al pour consolider et achever mon parcours universitaire.\u00a0\u00bb<\/p><\/blockquote>\n\n\n\n<blockquote class=\"wp-block-quote is-layout-flow wp-block-quote-is-layout-flow\"><p>\u00ab\u00a0L&rsquo;objectif final \u00e9tant pour moi de passer les concours de la fonction publique europ\u00e9enne, ce master m&rsquo;offrait la possibilit\u00e9 d&rsquo;approfondir l&rsquo;ensemble des domaines d&rsquo;action de l&rsquo;Union europ\u00e9enne tout en choisissant d\u00e8s le second semestre des options plus cibl\u00e9es, en lien direct avec les domaines dans lesquels j&rsquo;entends \u00e9voluer professionnellement par la suite.\u00a0\u00bb <\/p><\/blockquote>\n\n\n\n<blockquote class=\"wp-block-quote is-layout-flow wp-block-quote-is-layout-flow\"><p>\u00ab\u00a0Un atout \u00e9galement selon moi de cette formation : sa forte dimension professionnelle. Que ce soit sous l&rsquo;angle des exercices \u00e0 r\u00e9aliser dans les diff\u00e9rentes mati\u00e8res, tr\u00e8s concrets et qui nous pr\u00e9pare \u00e0 ce que nous conna\u00eetrons ensuite dans le milieu professionnel. Mais \u00e9galement avec la possibilit\u00e9 d&rsquo;\u00e9changer directement avec des professionnels, dans le cadre de l&rsquo;organisation de s\u00e9minaire ou m\u00eame lors de nos cours avec la pr\u00e9sence, r\u00e9guli\u00e8rement, d&rsquo;intervenants.\u00a0\u00bb<\/p><\/blockquote>\n\n\n\n<hr class=\"wp-block-separator has-text-color has-background is-style-wide\" style=\"background-color:#e6e6e6;color:#e6e6e6\"\/>\n\n\n\n<div style=\"height:30px\" aria-hidden=\"true\" class=\"wp-block-spacer\"><\/div>\n\n\n\n<p style=\"font-size:18px\"><strong>Jeanne Herv\u00e9, <\/strong>\u00e9tudiante en fili\u00e8re g\u00e9n\u00e9rale, promotion 2022 (Alan Turing) <\/p>\n\n\n\n<blockquote class=\"wp-block-quote is-layout-flow wp-block-quote-is-layout-flow\"><p>\u00ab\u00a0D\u00e8s mon entr\u00e9e \u00e0 Sciences Po Lille en premi\u00e8re ann\u00e9e, j&rsquo;ai voulu int\u00e9grer le master APE car je souhaite int\u00e9grer une institution europ\u00e9enne et que cette majeure est la meilleure fa\u00e7on d&rsquo;y parvenir.\u00a0\u00bb<\/p><\/blockquote>\n\n\n\n<blockquote class=\"wp-block-quote is-layout-flow wp-block-quote-is-layout-flow\"><p>\u00ab\u00a0L&rsquo;ensemble des cours du tronc commun permettent d&rsquo;acqu\u00e9rir un bagage g\u00e9n\u00e9ral mais solide sur l&rsquo;UE (droit, \u00e9conomie, lobbying..). Les cours \u00e9lectifs, portant sur l&rsquo;une des grandes politiques europ\u00e9ennes (PAC, PESC..) permettent quant \u00e0 eux une sp\u00e9cialisation selon nos int\u00e9r\u00eats.\u00a0\u00bb<\/p><\/blockquote>\n\n\n\n<blockquote class=\"wp-block-quote is-layout-flow wp-block-quote-is-layout-flow\"><p>\u00ab\u00a0J&rsquo;appr\u00e9cie \u00e9galement les aspects professionnalisants du master \u00e0 travers, d&rsquo;une part, les exercices r\u00e9alis\u00e9s en classe (simulation du Parlement europ\u00e9en, plaidoirie ou position paper par exemple) et, d&rsquo;autre part, les intervenants qui nous font part de leur exp\u00e9rience professionnelle durant nos cours ou conf\u00e9rences.\u00a0\u00bb<\/p><\/blockquote>\n\n\n\n<blockquote class=\"wp-block-quote is-layout-flow wp-block-quote-is-layout-flow\"><p>\u00ab\u00a0Je trouve donc, somme toute, que la formation est id\u00e9ale pour avoir une connaissance de l&rsquo;UE tout en se faisant une id\u00e9e d&rsquo;un domaine pr\u00e9cis qui nous attire pour la suite de notre carri\u00e8re.\u00a0\u00bb <\/p><\/blockquote>\n\n\n\n<hr class=\"wp-block-separator has-text-color has-background is-style-wide\" style=\"background-color:#e6e6e6;color:#e6e6e6\"\/>\n\n\n\n<div style=\"height:30px\" aria-hidden=\"true\" class=\"wp-block-spacer\"><\/div>\n\n\n\n<p style=\"font-size:18px\"><strong>Lou Cambarrat<\/strong>, \u00e9tudiante en fili\u00e8re g\u00e9n\u00e9rale, promotion 2022 (Alan Turing) <\/p>\n\n\n\n<blockquote class=\"wp-block-quote is-layout-flow wp-block-quote-is-layout-flow\"><p>\u00ab\u00a0J&rsquo;ai int\u00e9gr\u00e9 Sciences Po Lille avec le concours communs et c&rsquo;est lors de ma premi\u00e8re ann\u00e9e que j&rsquo;ai d\u00e9couvert un int\u00e9r\u00eat pour le domaine de la repr\u00e9sentation d&rsquo;int\u00e9r\u00eats \u00e0 Bruxelles et donc d\u00e9cid\u00e9 de m&rsquo;orienter vers la majeure APE. Je pense que cette formation est l&rsquo;une des plus sp\u00e9cialisantes car nos cours sont \u00e9videmment tous ax\u00e9s sur des aspects tr\u00e8s vari\u00e9s et tr\u00e8s techniques de l&rsquo;Union europ\u00e9enne. J&rsquo;appr\u00e9cie le fait que beaucoup de professionnel.le.s des affaires publiques europ\u00e9ennes, qu&rsquo;ils travaillent dans les institutions ou le lobbying, interviennent ponctuellement dans nos cours ou sont parfois nos enseignant.e.s. Je recommande la majeure Affaires Publiques Europ\u00e9ennes \u00e0 celles et ceux qui sont int\u00e9ress\u00e9.e.s par l&rsquo;UE et qui ont envie d&rsquo;\u00e9voluer dans un milieu professionnel multiculturel&#8230;rien qu&rsquo;en classe nous venons tous et toutes de diff\u00e9rents pays europ\u00e9ens!\u00a0\u00bb<\/p><\/blockquote>\n\n\n\n<hr class=\"wp-block-separator has-text-color has-background is-style-wide\" style=\"background-color:#e6e6e6;color:#e6e6e6\"\/>\n\n\n\n<div style=\"height:30px\" aria-hidden=\"true\" class=\"wp-block-spacer\"><\/div>\n\n\n\n<p style=\"font-size:18px\"><strong>S\u00e9bastien Perel, <\/strong>\u00e9tudiante en fili\u00e8re g\u00e9n\u00e9rale, promotion 2022 (Alan Turing) <\/p>\n\n\n\n<blockquote class=\"wp-block-quote is-layout-flow wp-block-quote-is-layout-flow\"><p>\u00ab\u00a0Int\u00e9grer le Master APE \u00e9tait pour moi un projet qui allait au-del\u00e0 du fait d&rsquo;int\u00e9grer Sciences Po Lille. Apr\u00e8s une licence en droit et un Master 1 en Gestion, je voulais d\u00e9velopper une expertise dans le domaine des affaires europ\u00e9ennes.\u00a0\u00bb <\/p><\/blockquote>\n\n\n\n<blockquote class=\"wp-block-quote is-layout-flow wp-block-quote-is-layout-flow\"><p>\u00ab\u00a0On y retrouve \u00e0 la fois des \u00e9l\u00e9ments sociologiques, politiques et philosophique, mais \u00e9galement des enjeux autour de sujets tr\u00e8s concrets et tr\u00e8s techniques.\u00a0\u00bb <\/p><\/blockquote>\n\n\n\n<blockquote class=\"wp-block-quote is-layout-flow wp-block-quote-is-layout-flow\"><p>\u00ab\u00a0C&rsquo;est la juxtaposition de l&rsquo;excellence acad\u00e9mique de ce master \u00e0 une logique d&rsquo;\u00e9cole favorisant le d\u00e9veloppement de projets en tout genre qui justifie l&rsquo;atout de cette formation. Je m&rsquo;int\u00e9resse en particulier aux th\u00e9matiques li\u00e9es \u00e0 l&rsquo;agriculture et \u00e0 l&rsquo;alimentation, pour lesquelles une grande partie des politiques publiques proviennent de l&rsquo;\u00e9chelon europ\u00e9en. La formation en APE procure de nombreux outils, gr\u00e2ce \u00e0 un juste \u00e9quilibre entre l&rsquo;intervention d&rsquo;enseignants universitaires et celles d&rsquo;intervenants ext\u00e9rieurs de terrain.\u00a0\u00bb <\/p><\/blockquote>\n\n\n\n<blockquote class=\"wp-block-quote is-layout-flow wp-block-quote-is-layout-flow\"><p>\u00ab\u00a0Enfin, le cursus en APE donne l&rsquo;occasion d&rsquo;\u00e9voluer dans un cadre multiculturel, avec de nombreux \u00e9tudiants \u00e9trangers qui s&rsquo;int\u00e9ressent tous \u00e0 la grande construction europ\u00e9enne!\u00a0\u00bb<\/p><\/blockquote>\n","protected":false},"excerpt":{"rendered":"<p>Hugo Real, \u00e9tudiant de la promotion 2021 (Nina Simone) \u00ab\u00a0J&rsquo;ai choisi cette majeure pour me sp\u00e9cialiser au niveau europ\u00e9en. A la fin de ma licence de science politique \u00e0 l&rsquo;Universit\u00e9 de Lille, je voulais devenir lobbyiste \u00e0 Bruxelles. J&rsquo;ai pass\u00e9 le concours pour entrer \u00e0 Sciences Po Lille en 4A. Le master APE avait beaucoup [&hellip;]<\/p>\n","protected":false},"author":1,"featured_media":0,"parent":0,"menu_order":0,"comment_status":"closed","ping_status":"closed","template":"","meta":{"_seopress_robots_primary_cat":"","_seopress_titles_title":"","_seopress_titles_desc":"","_seopress_robots_index":"","ocean_post_layout":"","ocean_both_sidebars_style":"","ocean_both_sidebars_content_width":0,"ocean_both_sidebars_sidebars_width":0,"ocean_sidebar":"0","ocean_second_sidebar":"0","ocean_disable_margins":"enable","ocean_add_body_class":"","ocean_shortcode_before_top_bar":"","ocean_shortcode_after_top_bar":"","ocean_shortcode_before_header":"","ocean_shortcode_after_header":"","ocean_has_shortcode":"","ocean_shortcode_after_title":"","ocean_shortcode_before_footer_widgets":"","ocean_shortcode_after_footer_widgets":"","ocean_shortcode_before_footer_bottom":"","ocean_shortcode_after_footer_bottom":"","ocean_display_top_bar":"default","ocean_display_header":"default","ocean_header_style":"","ocean_center_header_left_menu":"0","ocean_custom_header_template":"0","ocean_custom_logo":0,"ocean_custom_retina_logo":0,"ocean_custom_logo_max_width":0,"ocean_custom_logo_tablet_max_width":0,"ocean_custom_logo_mobile_max_width":0,"ocean_custom_logo_max_height":0,"ocean_custom_logo_tablet_max_height":0,"ocean_custom_logo_mobile_max_height":0,"ocean_header_custom_menu":"0","ocean_menu_typo_font_family":"0","ocean_menu_typo_font_subset":"","ocean_menu_typo_font_size":0,"ocean_menu_typo_font_size_tablet":0,"ocean_menu_typo_font_size_mobile":0,"ocean_menu_typo_font_size_unit":"px","ocean_menu_typo_font_weight":"","ocean_menu_typo_font_weight_tablet":"","ocean_menu_typo_font_weight_mobile":"","ocean_menu_typo_transform":"","ocean_menu_typo_transform_tablet":"","ocean_menu_typo_transform_mobile":"","ocean_menu_typo_line_height":0,"ocean_menu_typo_line_height_tablet":0,"ocean_menu_typo_line_height_mobile":0,"ocean_menu_typo_line_height_unit":"","ocean_menu_typo_spacing":0,"ocean_menu_typo_spacing_tablet":0,"ocean_menu_typo_spacing_mobile":0,"ocean_menu_typo_spacing_unit":"","ocean_menu_link_color":"","ocean_menu_link_color_hover":"","ocean_menu_link_color_active":"","ocean_menu_link_background":"","ocean_menu_link_hover_background":"","ocean_menu_link_active_background":"","ocean_menu_social_links_bg":"","ocean_menu_social_hover_links_bg":"","ocean_menu_social_links_color":"","ocean_menu_social_hover_links_color":"","ocean_disable_title":"default","ocean_disable_heading":"default","ocean_post_title":"","ocean_post_subheading":"","ocean_post_title_style":"","ocean_post_title_background_color":"","ocean_post_title_background":0,"ocean_post_title_bg_image_position":"","ocean_post_title_bg_image_attachment":"","ocean_post_title_bg_image_repeat":"","ocean_post_title_bg_image_size":"","ocean_post_title_height":0,"ocean_post_title_bg_overlay":0.5,"ocean_post_title_bg_overlay_color":"","ocean_disable_breadcrumbs":"default","ocean_breadcrumbs_color":"","ocean_breadcrumbs_separator_color":"","ocean_breadcrumbs_links_color":"","ocean_breadcrumbs_links_hover_color":"","ocean_display_footer_widgets":"default","ocean_display_footer_bottom":"default","ocean_custom_footer_template":"0","footnotes":""},"class_list":["post-92","page","type-page","status-publish","hentry","entry"],"_links":{"self":[{"href":"https:\/\/ape.sciencespo-lille.eu\/index.php\/wp-json\/wp\/v2\/pages\/92","targetHints":{"allow":["GET"]}}],"collection":[{"href":"https:\/\/ape.sciencespo-lille.eu\/index.php\/wp-json\/wp\/v2\/pages"}],"about":[{"href":"https:\/\/ape.sciencespo-lille.eu\/index.php\/wp-json\/wp\/v2\/types\/page"}],"author":[{"embeddable":true,"href":"https:\/\/ape.sciencespo-lille.eu\/index.php\/wp-json\/wp\/v2\/users\/1"}],"replies":[{"embeddable":true,"href":"https:\/\/ape.sciencespo-lille.eu\/index.php\/wp-json\/wp\/v2\/comments?post=92"}],"version-history":[{"count":21,"href":"https:\/\/ape.sciencespo-lille.eu\/index.php\/wp-json\/wp\/v2\/pages\/92\/revisions"}],"predecessor-version":[{"id":499,"href":"https:\/\/ape.sciencespo-lille.eu\/index.php\/wp-json\/wp\/v2\/pages\/92\/revisions\/499"}],"wp:attachment":[{"href":"https:\/\/ape.sciencespo-lille.eu\/index.php\/wp-json\/wp\/v2\/media?parent=92"}],"curies":[{"name":"wp","href":"https:\/\/api.w.org\/{rel}","templated":true}]}}