{"id":94,"date":"2020-12-05T14:53:14","date_gmt":"2020-12-05T13:53:14","guid":{"rendered":"http:\/\/ape.sciencespo-lille.eu\/?page_id=94"},"modified":"2022-03-14T16:16:49","modified_gmt":"2022-03-14T15:16:49","slug":"faq","status":"publish","type":"page","link":"https:\/\/ape.sciencespo-lille.eu\/index.php\/faq\/","title":{"rendered":"FAQ"},"content":{"rendered":"\n<h2 class=\"has-text-align-center wp-block-heading\">Foire aux Questions<\/h2>\n\n\n\n<div class=\"wp-block-image\"><figure class=\"aligncenter size-large is-resized\"><img loading=\"lazy\" decoding=\"async\" src=\"http:\/\/ape.sciencespo-lille.eu\/wp-content\/uploads\/2020\/12\/FAQ-APE.png\" alt=\"\" class=\"wp-image-254\" width=\"150\" height=\"150\" srcset=\"https:\/\/ape.sciencespo-lille.eu\/wp-content\/uploads\/2020\/12\/FAQ-APE.png 500w, https:\/\/ape.sciencespo-lille.eu\/wp-content\/uploads\/2020\/12\/FAQ-APE-300x300.png 300w, https:\/\/ape.sciencespo-lille.eu\/wp-content\/uploads\/2020\/12\/FAQ-APE-150x150.png 150w\" sizes=\"auto, (max-width: 150px) 100vw, 150px\" \/><\/figure><\/div>\n\n\n\n<p class=\"has-medium-font-size\"><strong>Peut-on acc\u00e9der \u00e0 la majeure APEu directement en 5<sup>\u00e8me<\/sup>\u00a0ann\u00e9e (niveau M2) ?\u00a0<\/strong><\/p>\n\n\n\n<p>Non, il n\u2019est pas possible d\u2019acc\u00e9der \u00e0 la majeure APEu directement en 5<sup>\u00e8me<\/sup>\u00a0ann\u00e9e. L\u2019admission dans la formation ne peut se faire qu\u2019au niveau M1, en r\u00e9ussissant le concours d\u2019entr\u00e9e directe en 4<sup>\u00e8me<\/sup>\u00a0ann\u00e9e de Sciences Po Lille (voir\u00a0<a rel=\"noreferrer noopener\" href=\"http:\/\/www.sciencespo-lille.eu\/integrer\/les-procedures-dadmission\" target=\"_blank\"><strong>ici<\/strong><\/a>).<\/p>\n\n\n\n<p>Une exception toutefois : les \u00e9tudiantes et \u00e9tudiants des autres IEP du R\u00e9seau ScPo, peuvent,&nbsp;<em>via&nbsp;<\/em>une demande de mutualisation, rejoindre la majeure en 5<sup>\u00e8me<\/sup>&nbsp;ann\u00e9e (sous r\u00e9serve d\u2019acceptation par le directeur de la formation).<\/p>\n\n\n\n<div style=\"height:30px\" aria-hidden=\"true\" class=\"wp-block-spacer\"><\/div>\n\n\n\n<p><\/p>\n\n\n\n<p class=\"has-medium-font-size\"><strong>La majeure APEu est-elle ouverte \u00e0 l\u2019alternance ?\u00a0<\/strong><\/p>\n\n\n\n<p>Non, cette majeure n\u2019est pas ouverte \u00e0 l\u2019alternance. Lors de la cinqui\u00e8me ann\u00e9e (niveau M2), les \u00e9tudiantes et \u00e9tudiants ont l\u2019obligation de r\u00e9aliser un stage de fin d\u2019\u00e9tudes de 6 mois, entre les mois de janvier et septembre.<\/p>\n\n\n\n<div style=\"height:30px\" aria-hidden=\"true\" class=\"wp-block-spacer\"><\/div>\n\n\n\n<p class=\"has-medium-font-size\"><strong>Est-il possible de faire son stage \u00e0 l\u2019\u00e9tranger ?<\/strong><\/p>\n\n\n\n<p>Oui, il est tout \u00e0 fait possible de r\u00e9aliser son stage en dehors de la France. Attention toutefois aux conditions de gratification (r\u00e9mun\u00e9rations), qui ne sont pas garanties par la loi dans les autres pays.<\/p>\n\n\n\n<div style=\"height:30px\" aria-hidden=\"true\" class=\"wp-block-spacer\"><\/div>\n\n\n\n<p class=\"has-medium-font-size\"><strong>Peut-on faire un stage en 4<sup>\u00e8me<\/sup>&nbsp;ann\u00e9e (niveau M1) ?<\/strong><\/p>\n\n\n\n<p>Oui, il est possible de r\u00e9aliser un stage optionnel \u00e0 la fin de la quatri\u00e8me ann\u00e9e, une fois le m\u00e9moire soutenu et les examens termin\u00e9s (entre les mois de mai et ao\u00fbt). Ce stage \u00e9tant optionnel, il n\u2019est pas associ\u00e9 \u00e0 des ECTS et ne n\u00e9cessite pas la production d\u2019un rapport, \u00e0 la diff\u00e9rence du stage obligatoire de 5<sup>\u00e8me<\/sup>&nbsp;ann\u00e9e.<\/p>\n\n\n\n<div style=\"height:30px\" aria-hidden=\"true\" class=\"wp-block-spacer\"><\/div>\n\n\n\n<p class=\"has-medium-font-size\"><strong>Quelles sont les comp\u00e9tences \u00e9valu\u00e9es durant l\u2019oral d\u2019admission ? Des pr\u00e9requis sont-ils exig\u00e9s pour int\u00e9grer la majeure ?<\/strong><\/p>\n\n\n\n<p>L\u2019objectif premier de cet entretien est de v\u00e9rifier l\u2019ad\u00e9quation de votre projet professionnel avec l\u2019identit\u00e9 de la formation et ses d\u00e9bouch\u00e9s. Il est aussi attendu des candidates et des candidats qu\u2019ils et elles s\u2019int\u00e9ressent \u00e0 l\u2019actualit\u00e9 administrative et juridique, mais pas seulement. Les (futurs) \u00e9tudiants et \u00e9tudiantes de Sciences Po doivent avoir une vraie curiosit\u00e9 sur le monde qui les entoure ! Le jury peut ainsi ouvrir une discussion sur l\u2019actualit\u00e9 du moment. S\u2019il ne s\u2019agit pas d\u2019un pr\u00e9requis \u00e0 proprement parler, les candidates et candidats doivent t\u00e9moigner \u00e9galement d\u2019un r\u00e9el int\u00e9r\u00eat tant acad\u00e9mique que pratique (investissement associatif, stage, autre activit\u00e9) dans les probl\u00e9matiques abord\u00e9es par la majeure ou ses d\u00e9bouch\u00e9s.<\/p>\n\n\n\n<p> .<\/p>\n","protected":false},"excerpt":{"rendered":"<p>Foire aux Questions Peut-on acc\u00e9der \u00e0 la majeure APEu directement en 5\u00e8me\u00a0ann\u00e9e (niveau M2) ?\u00a0 Non, il n\u2019est pas possible d\u2019acc\u00e9der \u00e0 la majeure APEu directement en 5\u00e8me\u00a0ann\u00e9e. L\u2019admission dans la formation ne peut se faire qu\u2019au niveau M1, en r\u00e9ussissant le concours d\u2019entr\u00e9e directe en 4\u00e8me\u00a0ann\u00e9e de Sciences Po Lille (voir\u00a0ici). Une exception toutefois [&hellip;]<\/p>\n","protected":false},"author":1,"featured_media":0,"parent":0,"menu_order":0,"comment_status":"closed","ping_status":"closed","template":"","meta":{"_seopress_robots_primary_cat":"","_seopress_titles_title":"","_seopress_titles_desc":"","_seopress_robots_index":"","ocean_post_layout":"","ocean_both_sidebars_style":"","ocean_both_sidebars_content_width":0,"ocean_both_sidebars_sidebars_width":0,"ocean_sidebar":"0","ocean_second_sidebar":"0","ocean_disable_margins":"enable","ocean_add_body_class":"","ocean_shortcode_before_top_bar":"","ocean_shortcode_after_top_bar":"","ocean_shortcode_before_header":"","ocean_shortcode_after_header":"","ocean_has_shortcode":"","ocean_shortcode_after_title":"","ocean_shortcode_before_footer_widgets":"","ocean_shortcode_after_footer_widgets":"","ocean_shortcode_before_footer_bottom":"","ocean_shortcode_after_footer_bottom":"","ocean_display_top_bar":"default","ocean_display_header":"default","ocean_header_style":"","ocean_center_header_left_menu":"0","ocean_custom_header_template":"0","ocean_custom_logo":0,"ocean_custom_retina_logo":0,"ocean_custom_logo_max_width":0,"ocean_custom_logo_tablet_max_width":0,"ocean_custom_logo_mobile_max_width":0,"ocean_custom_logo_max_height":0,"ocean_custom_logo_tablet_max_height":0,"ocean_custom_logo_mobile_max_height":0,"ocean_header_custom_menu":"0","ocean_menu_typo_font_family":"0","ocean_menu_typo_font_subset":"","ocean_menu_typo_font_size":0,"ocean_menu_typo_font_size_tablet":0,"ocean_menu_typo_font_size_mobile":0,"ocean_menu_typo_font_size_unit":"px","ocean_menu_typo_font_weight":"","ocean_menu_typo_font_weight_tablet":"","ocean_menu_typo_font_weight_mobile":"","ocean_menu_typo_transform":"","ocean_menu_typo_transform_tablet":"","ocean_menu_typo_transform_mobile":"","ocean_menu_typo_line_height":0,"ocean_menu_typo_line_height_tablet":0,"ocean_menu_typo_line_height_mobile":0,"ocean_menu_typo_line_height_unit":"","ocean_menu_typo_spacing":0,"ocean_menu_typo_spacing_tablet":0,"ocean_menu_typo_spacing_mobile":0,"ocean_menu_typo_spacing_unit":"","ocean_menu_link_color":"","ocean_menu_link_color_hover":"","ocean_menu_link_color_active":"","ocean_menu_link_background":"","ocean_menu_link_hover_background":"","ocean_menu_link_active_background":"","ocean_menu_social_links_bg":"","ocean_menu_social_hover_links_bg":"","ocean_menu_social_links_color":"","ocean_menu_social_hover_links_color":"","ocean_disable_title":"default","ocean_disable_heading":"default","ocean_post_title":"","ocean_post_subheading":"","ocean_post_title_style":"","ocean_post_title_background_color":"","ocean_post_title_background":0,"ocean_post_title_bg_image_position":"","ocean_post_title_bg_image_attachment":"","ocean_post_title_bg_image_repeat":"","ocean_post_title_bg_image_size":"","ocean_post_title_height":0,"ocean_post_title_bg_overlay":0.5,"ocean_post_title_bg_overlay_color":"","ocean_disable_breadcrumbs":"default","ocean_breadcrumbs_color":"","ocean_breadcrumbs_separator_color":"","ocean_breadcrumbs_links_color":"","ocean_breadcrumbs_links_hover_color":"","ocean_display_footer_widgets":"default","ocean_display_footer_bottom":"default","ocean_custom_footer_template":"0","footnotes":""},"class_list":["post-94","page","type-page","status-publish","hentry","entry"],"_links":{"self":[{"href":"https:\/\/ape.sciencespo-lille.eu\/index.php\/wp-json\/wp\/v2\/pages\/94","targetHints":{"allow":["GET"]}}],"collection":[{"href":"https:\/\/ape.sciencespo-lille.eu\/index.php\/wp-json\/wp\/v2\/pages"}],"about":[{"href":"https:\/\/ape.sciencespo-lille.eu\/index.php\/wp-json\/wp\/v2\/types\/page"}],"author":[{"embeddable":true,"href":"https:\/\/ape.sciencespo-lille.eu\/index.php\/wp-json\/wp\/v2\/users\/1"}],"replies":[{"embeddable":true,"href":"https:\/\/ape.sciencespo-lille.eu\/index.php\/wp-json\/wp\/v2\/comments?post=94"}],"version-history":[{"count":10,"href":"https:\/\/ape.sciencespo-lille.eu\/index.php\/wp-json\/wp\/v2\/pages\/94\/revisions"}],"predecessor-version":[{"id":517,"href":"https:\/\/ape.sciencespo-lille.eu\/index.php\/wp-json\/wp\/v2\/pages\/94\/revisions\/517"}],"wp:attachment":[{"href":"https:\/\/ape.sciencespo-lille.eu\/index.php\/wp-json\/wp\/v2\/media?parent=94"}],"curies":[{"name":"wp","href":"https:\/\/api.w.org\/{rel}","templated":true}]}}