{"id":96,"date":"2020-12-05T14:53:14","date_gmt":"2020-12-05T13:53:14","guid":{"rendered":"http:\/\/ape.sciencespo-lille.eu\/?page_id=96"},"modified":"2022-03-15T14:52:10","modified_gmt":"2022-03-15T13:52:10","slug":"conferences-organisees-par-la-majeure-apeu","status":"publish","type":"page","link":"https:\/\/ape.sciencespo-lille.eu\/index.php\/conferences-organisees-par-la-majeure-apeu\/","title":{"rendered":"Conf\u00e9rences organis\u00e9es par la majeure APEu"},"content":{"rendered":"\n<h2 class=\"wp-block-heading\">Conf\u00e9rences M\u00e9tiers &amp; Carri\u00e8res \u2013 Webinaires<\/h2>\n\n\n\n<p>Chaque semestre, les ambassadeurs et ambassadrices de la Majeure APEu organisent des&nbsp;<strong>projets<\/strong>, des&nbsp;<strong>conf\u00e9rences&nbsp;<\/strong>et des&nbsp;<strong>ap\u00e9ros professionnels<\/strong>&nbsp;visant \u00e0 pr\u00e9senter les parcours et m\u00e9tiers accessibles apr\u00e8s votre formation \u00e0 Sciences Po Lille.<\/p>\n\n\n\n<p>Au programme :&nbsp;<strong>t\u00e9moignages d\u2019alumni<\/strong>, de<strong>&nbsp;professionnels&nbsp;<\/strong>et&nbsp;<strong>professionnelles<\/strong>,<strong>&nbsp;\u00e9changes&nbsp;<\/strong>et&nbsp;<strong>r\u00e9ponses \u00e0 toutes vos questions<\/strong>&nbsp;!<\/p>\n\n\n\n<p>Ces rencontres sont r\u00e9alis\u00e9es en coop\u00e9ration avec les diff\u00e9rents services de Sciences Po Lille, l\u2019\u00e9quipe enseignante et l\u2019<strong><a rel=\"noreferrer noopener\" href=\"https:\/\/alumni.sciencespo-lille.eu\/\" target=\"_blank\">Association des Alumni<\/a><\/strong>.<\/p>\n\n\n\n<p><strong>Retrouvez les prochaines conf\u00e9rences de la majeure APEu<\/strong><\/p>\n\n\n\n<p class=\"has-text-align-center\">Disponible prochainement.<\/p>\n\n\n\n<hr class=\"wp-block-separator has-text-color has-background is-style-wide\" style=\"background-color:#eef0f1;color:#eef0f1\"\/>\n\n\n\n<p><strong>Archives des conf\u00e9rences de la majeure APEu<\/strong> <\/p>\n\n\n\n<ul class=\"wp-block-list\"><li>\u00ab\u00a0Brexit, regard d\u00e9cal\u00e9 d&rsquo;un sujet de sa majest\u00e9\u00a0\u00bb (17 septembre 2018)<\/li><li><a href=\"http:\/\/www.sciencespo-lille.eu\/sites\/default\/files\/recherche\/evenements\/prog-separatismes4.pdf\" target=\"_blank\" rel=\"noreferrer noopener\">\u00ab\u00a0L&rsquo;Europe \u00e0 l&rsquo;\u00e9preuve des s\u00e9paratismes\u00a0\u00bb<\/a> (8\/9 novembre 2018) <\/li><li>\u00ab\u00a0Euroscepticism and the Centre-periphery Cleavage in the EU: Empirical and Normative Considerations\u00a0\u00bb (18 octobre 2019)<\/li><li>\u00ab\u00a0Institutions, Conseil, Think-tank : quelles perspectives apr\u00e8s le master Affaires Europ\u00e9ennes ?\u00a0\u00bb (19 novembre 2019)<\/li><li>\u00ab\u00a0La diplomatie en Europe, mode d\u2019emploi. La diplomatie fran\u00e7aise et la diplomatie de l\u2019Union Europ\u00e9enne : les \u00e9coles, les concours, les m\u00e9tiers\u00a0\u00bb (26 f\u00e9vrier 2020)<\/li><li>\u00ab\u00a0Les m\u00e9tiers europ\u00e9ens de l\u2019\u00e9nergie et de l\u2019environnement\u00a0\u00bb (19 octobre 2020)<\/li><li>\u00ab\u00a0<a href=\"https:\/\/alumni.sciencespo-lille.eu\/event\/-webinaire-conference-le-metier-de-collaborateur-parlementaire-europeen\/2020\/12\/08\/8\" target=\"_blank\" rel=\"noreferrer noopener\">Le m\u00e9tier de collaborateur europ\u00e9en<\/a>\u00a0\u00bb (8 d\u00e9cembre 2020)<\/li><li>\u00ab\u00a0<a href=\"https:\/\/alumni.sciencespo-lille.eu\/event\/-webinaire-conference-l-europe-depuis-la-france\/2021\/03\/31\/111\" target=\"_blank\" rel=\"noreferrer noopener\">L\u2019Europe depuis la France<\/a>\u00a0\u00bb (31 mars 2021)<\/li><\/ul>\n\n\n\n<p><\/p>\n","protected":false},"excerpt":{"rendered":"<p>Conf\u00e9rences M\u00e9tiers &amp; Carri\u00e8res \u2013 Webinaires Chaque semestre, les ambassadeurs et ambassadrices de la Majeure APEu organisent des&nbsp;projets, des&nbsp;conf\u00e9rences&nbsp;et des&nbsp;ap\u00e9ros professionnels&nbsp;visant \u00e0 pr\u00e9senter les parcours et m\u00e9tiers accessibles apr\u00e8s votre formation \u00e0 Sciences Po Lille. Au programme :&nbsp;t\u00e9moignages d\u2019alumni, de&nbsp;professionnels&nbsp;et&nbsp;professionnelles,&nbsp;\u00e9changes&nbsp;et&nbsp;r\u00e9ponses \u00e0 toutes vos questions&nbsp;! Ces rencontres sont r\u00e9alis\u00e9es en coop\u00e9ration avec les diff\u00e9rents services de [&hellip;]<\/p>\n","protected":false},"author":1,"featured_media":0,"parent":0,"menu_order":0,"comment_status":"closed","ping_status":"closed","template":"","meta":{"_seopress_robots_primary_cat":"","_seopress_titles_title":"","_seopress_titles_desc":"","_seopress_robots_index":"","ocean_post_layout":"","ocean_both_sidebars_style":"","ocean_both_sidebars_content_width":0,"ocean_both_sidebars_sidebars_width":0,"ocean_sidebar":"0","ocean_second_sidebar":"0","ocean_disable_margins":"enable","ocean_add_body_class":"","ocean_shortcode_before_top_bar":"","ocean_shortcode_after_top_bar":"","ocean_shortcode_before_header":"","ocean_shortcode_after_header":"","ocean_has_shortcode":"","ocean_shortcode_after_title":"","ocean_shortcode_before_footer_widgets":"","ocean_shortcode_after_footer_widgets":"","ocean_shortcode_before_footer_bottom":"","ocean_shortcode_after_footer_bottom":"","ocean_display_top_bar":"default","ocean_display_header":"default","ocean_header_style":"","ocean_center_header_left_menu":"0","ocean_custom_header_template":"0","ocean_custom_logo":0,"ocean_custom_retina_logo":0,"ocean_custom_logo_max_width":0,"ocean_custom_logo_tablet_max_width":0,"ocean_custom_logo_mobile_max_width":0,"ocean_custom_logo_max_height":0,"ocean_custom_logo_tablet_max_height":0,"ocean_custom_logo_mobile_max_height":0,"ocean_header_custom_menu":"0","ocean_menu_typo_font_family":"0","ocean_menu_typo_font_subset":"","ocean_menu_typo_font_size":0,"ocean_menu_typo_font_size_tablet":0,"ocean_menu_typo_font_size_mobile":0,"ocean_menu_typo_font_size_unit":"px","ocean_menu_typo_font_weight":"","ocean_menu_typo_font_weight_tablet":"","ocean_menu_typo_font_weight_mobile":"","ocean_menu_typo_transform":"","ocean_menu_typo_transform_tablet":"","ocean_menu_typo_transform_mobile":"","ocean_menu_typo_line_height":0,"ocean_menu_typo_line_height_tablet":0,"ocean_menu_typo_line_height_mobile":0,"ocean_menu_typo_line_height_unit":"","ocean_menu_typo_spacing":0,"ocean_menu_typo_spacing_tablet":0,"ocean_menu_typo_spacing_mobile":0,"ocean_menu_typo_spacing_unit":"","ocean_menu_link_color":"","ocean_menu_link_color_hover":"","ocean_menu_link_color_active":"","ocean_menu_link_background":"","ocean_menu_link_hover_background":"","ocean_menu_link_active_background":"","ocean_menu_social_links_bg":"","ocean_menu_social_hover_links_bg":"","ocean_menu_social_links_color":"","ocean_menu_social_hover_links_color":"","ocean_disable_title":"default","ocean_disable_heading":"default","ocean_post_title":"","ocean_post_subheading":"","ocean_post_title_style":"","ocean_post_title_background_color":"","ocean_post_title_background":0,"ocean_post_title_bg_image_position":"","ocean_post_title_bg_image_attachment":"","ocean_post_title_bg_image_repeat":"","ocean_post_title_bg_image_size":"","ocean_post_title_height":0,"ocean_post_title_bg_overlay":0.5,"ocean_post_title_bg_overlay_color":"","ocean_disable_breadcrumbs":"default","ocean_breadcrumbs_color":"","ocean_breadcrumbs_separator_color":"","ocean_breadcrumbs_links_color":"","ocean_breadcrumbs_links_hover_color":"","ocean_display_footer_widgets":"default","ocean_display_footer_bottom":"default","ocean_custom_footer_template":"0","footnotes":""},"class_list":["post-96","page","type-page","status-publish","hentry","entry"],"_links":{"self":[{"href":"https:\/\/ape.sciencespo-lille.eu\/index.php\/wp-json\/wp\/v2\/pages\/96","targetHints":{"allow":["GET"]}}],"collection":[{"href":"https:\/\/ape.sciencespo-lille.eu\/index.php\/wp-json\/wp\/v2\/pages"}],"about":[{"href":"https:\/\/ape.sciencespo-lille.eu\/index.php\/wp-json\/wp\/v2\/types\/page"}],"author":[{"embeddable":true,"href":"https:\/\/ape.sciencespo-lille.eu\/index.php\/wp-json\/wp\/v2\/users\/1"}],"replies":[{"embeddable":true,"href":"https:\/\/ape.sciencespo-lille.eu\/index.php\/wp-json\/wp\/v2\/comments?post=96"}],"version-history":[{"count":17,"href":"https:\/\/ape.sciencespo-lille.eu\/index.php\/wp-json\/wp\/v2\/pages\/96\/revisions"}],"predecessor-version":[{"id":523,"href":"https:\/\/ape.sciencespo-lille.eu\/index.php\/wp-json\/wp\/v2\/pages\/96\/revisions\/523"}],"wp:attachment":[{"href":"https:\/\/ape.sciencespo-lille.eu\/index.php\/wp-json\/wp\/v2\/media?parent=96"}],"curies":[{"name":"wp","href":"https:\/\/api.w.org\/{rel}","templated":true}]}}